{"id":263,"date":"2018-11-18T18:59:49","date_gmt":"2018-11-18T17:59:49","guid":{"rendered":"http:\/\/edulab.jakob-fugger-gymnasium.de\/?page_id=263"},"modified":"2019-03-08T14:19:56","modified_gmt":"2019-03-08T13:19:56","slug":"planung-und-umsetzung","status":"publish","type":"page","link":"https:\/\/edulab.jakob-fugger-gymnasium.de\/en\/planung-und-umsetzung\/","title":{"rendered":"Planning and implementation"},"content":{"rendered":"<p><a href=\"https:\/\/edulab.jakob-fugger-gymnasium.de\/wp-content\/uploads\/2018\/11\/planung.jpg\" target=\"_blank\" rel=\"noopener noreferrer\"><img loading=\"lazy\" decoding=\"async\" class=\"alignright wp-image-261 size-post-thumbnail\" src=\"https:\/\/edulab.jakob-fugger-gymnasium.de\/wp-content\/uploads\/2018\/11\/planung-150x100.jpg\" alt=\"\" width=\"150\" height=\"100\"><\/a><span id=\"result_box\" class=\"\" tabindex=\"-1\" lang=\"en\"><span class=\"\">This first planning status (December 16th 2016) was also the base for discussion among all involved partners and the school family of the JFG.<\/span> <span class=\"\">The high school students exchanged their beloved lounge room near the teacher&#8217;s room for two lounges in the immediate vicinity of the classrooms.<\/span> <span class=\"\">The IT department of the school administration office gave the go-ahead for the pilot project, and more than <a href=\"https:\/\/edulab.jakob-fugger-gymnasium.de\/en\/sample-page\/sponsoren-und-foerderer\/\" rel=\"noopener\">12 companies and institutions<\/a> helped creating the <strong>edu.lab<\/strong>.<\/span> <span class=\"\">The room A04 was renovated, the SMART board had to be rebuilt, the chalk board to be turned into a whiteboard, the electrical installation had to be brought to the state of the art and LAN and WLAN has to be installed. <\/span><span class=\"\">Furthermore, the 2in1 tablets and two computers for CAD \/ CFD and video editing were purchased.<\/span><\/span><\/p>\n<p><img loading=\"lazy\" decoding=\"async\" class=\"size-post-thumbnail wp-image-265 alignleft\" src=\"https:\/\/edulab.jakob-fugger-gymnasium.de\/wp-content\/uploads\/2018\/11\/20180218_195604-1-150x100.jpg\" alt=\"\" width=\"150\" height=\"100\"><span id=\"result_box\" class=\"\" tabindex=\"-1\" lang=\"en\"><span title=\"Dann ging es ans Einrichten.\">Then it was time to set up. <\/span><span title=\"Gebrauchte Klapptische und Schultische (teilweise aus dem Fundus des JFG) wurden edv-tauglich gemacht ein alter massiver Schrank wurde vom Hausmeister renoviert und zeitgleich wurde das moderne Sitzkonzept zusammen mit der Firma Topstar umgesetzt.\">Used folding tables and school desks (partly from the fund of the JFG) were made suitable for computers, an old massive cabinet was renovated by the facility manager and at the same time the modern seating concept was implemented together with the company <em>Topstar<\/em>. <\/span><span title=\"Ein Tabletwagen und zwei 3D-Drucker wurden als Kundenr\u00fcckl\u00e4ufer g\u00fcnstig bei ebay ersteigert.\">A tablet cart and two 3D printers were cheap auctioned on ebay as customer returns. <\/span><span title=\"Nach l\u00e4ngerer Recherche wurde ein Hersteller (Basilm\u00f6bel) der Bank und Hochbank-Sitzgruppe gefunden und f\u00fcr das Projekt begeistert.\">After intensive research, a manufacturer (<a href=\"https:\/\/www.brasilmoebel.de\/\" target=\"_blank\" rel=\"noopener noreferrer\"><em>Brasil M\u00f6bel<\/em><\/a>) of the bank and high bench seating group was found and inspired for the project. The <\/span><span title=\"Die CADENAS AG spendete zwei Hochleistungsrechner (HP Sprout und den VR-Rechner) und einen 3D-Bildschirm.\"><a href=\"https:\/\/www.cadenas.de\/en\" target=\"_blank\" rel=\"noopener noreferrer\"><em>CADENAS GmbH<\/em><\/a> donated two high performance computers (HP Sprout and the VR computer) and a 3D screen. <\/span><span title=\"Die Firma 19-Zoll-Tech spendete den Lehrerarbeitsplatz.\">The <a href=\"https:\/\/technikcoach.de\/\" target=\"_blank\" rel=\"noopener noreferrer\"><em>19-Zoll Tech<\/em><\/a> company donated the teacher&#8217;s workplace. <\/span><span title=\"Die Firma Dr.\">The company <em>Dr. <\/em><\/span><span title=\"Kaiser lieferte das Administrationssystem f\u00fcr diese heterogene Struktur im edu.lab.\"><em>Kaiser<\/em> provided the administration system for this heterogeneous structure in the <strong>edu.lab<\/strong>. <\/span><span title=\"Weitere namhafte Geldspenden vom F\u00f6rderverein des JFG, vom VDI Bezirksverein Augsburg, vom Elternbeirat, von smartsoftlab und Bernhard Koch erm\u00f6glichte die Anschaffung der \u00fcbrigen Ger\u00e4te und vieler Kleinteile, wie Adapter, Kabel usw. \">Further donations from the <a href=\"http:\/\/www.jfg-fv.de\/\" target=\"_blank\" rel=\"noopener noreferrer\"><em>F\u00f6rderverein Jakob-Fugger-Gymnasiums e.V.<\/em><\/a>,&nbsp; the VDI Bezirksverein Augsburg, the parents&#8217; council, smartsoftlab compay and Bernhard Koch enabled the purchase of other equipment and many small parts, such as adapters, cables, etc.<\/span><\/span><\/p>\n<p><span title=\"Allen Sponsoren, Unterst\u00fctzern und Freunden des JFG einen herzlichen Dank, denn ohne Ihr Engagement w\u00e4re das edu.lab am JFG nicht umsetzbar gewesen!\">Many thanks to all the sponsors, supporters and friends of the JFG, because without your commitment the<strong> edu.lab<\/strong> at the JFG would not have been feasible!<\/span><\/p>\n","protected":false},"excerpt":{"rendered":"<p>This first planning status (December 16th 2016) was also the base for discussion among all involved partners and the school family of the JFG. The high school students exchanged their&hellip;<\/p>\n","protected":false},"author":1,"featured_media":0,"parent":0,"menu_order":0,"comment_status":"closed","ping_status":"closed","template":"page-templates\/fullwidth.php","meta":{"ngg_post_thumbnail":0,"footnotes":""},"translation":{"provider":"WPGlobus","version":"3.0.2","language":"en","enabled_languages":["de","en"],"languages":{"de":{"title":true,"content":true,"excerpt":false},"en":{"title":true,"content":true,"excerpt":false}}},"_links":{"self":[{"href":"https:\/\/edulab.jakob-fugger-gymnasium.de\/en\/wp-json\/wp\/v2\/pages\/263"}],"collection":[{"href":"https:\/\/edulab.jakob-fugger-gymnasium.de\/en\/wp-json\/wp\/v2\/pages"}],"about":[{"href":"https:\/\/edulab.jakob-fugger-gymnasium.de\/en\/wp-json\/wp\/v2\/types\/page"}],"author":[{"embeddable":true,"href":"https:\/\/edulab.jakob-fugger-gymnasium.de\/en\/wp-json\/wp\/v2\/users\/1"}],"replies":[{"embeddable":true,"href":"https:\/\/edulab.jakob-fugger-gymnasium.de\/en\/wp-json\/wp\/v2\/comments?post=263"}],"version-history":[{"count":10,"href":"https:\/\/edulab.jakob-fugger-gymnasium.de\/en\/wp-json\/wp\/v2\/pages\/263\/revisions"}],"predecessor-version":[{"id":416,"href":"https:\/\/edulab.jakob-fugger-gymnasium.de\/en\/wp-json\/wp\/v2\/pages\/263\/revisions\/416"}],"wp:attachment":[{"href":"https:\/\/edulab.jakob-fugger-gymnasium.de\/en\/wp-json\/wp\/v2\/media?parent=263"}],"curies":[{"name":"wp","href":"https:\/\/api.w.org\/{rel}","templated":true}]}}